{"id":252,"date":"2023-01-31T16:09:29","date_gmt":"2023-01-31T14:09:29","guid":{"rendered":"https:\/\/kivisill.ee\/?page_id=252"},"modified":"2023-02-27T14:45:09","modified_gmt":"2023-02-27T12:45:09","slug":"esilehele-2","status":"publish","type":"page","link":"https:\/\/kivisill.ee\/","title":{"rendered":"Esilehele"},"content":{"rendered":"<p>[et_pb_section fb_built=&#187;1&#8243; _builder_version=&#187;4.19.5&#8243; _module_preset=&#187;default&#187; background_color=&#187;#FFFFFF&#187; custom_padding=&#187;||0px||false|false&#187; border_width_bottom=&#187;1px&#187; border_color_bottom=&#187;#d8d8d8&#8243; global_module=&#187;314&#8243; saved_tabs=&#187;all&#187; global_colors_info=&#187;{}&#187;][et_pb_row column_structure=&#187;1_3,1_3,1_3&#8243; use_custom_gutter=&#187;on&#187; make_equal=&#187;on&#187; _builder_version=&#187;4.19.5&#8243; _module_preset=&#187;default&#187; background_color=&#187;RGBA(255,255,255,0)&#187; width=&#187;100%&#187; max_width=&#187;2560px&#187; custom_margin=&#187;-60px||0px||false|false&#187; custom_padding=&#187;||0px||false|false&#187; border_width_bottom=&#187;1px&#187; border_color_bottom=&#187;rgba(140,140,140,0.39)&#187; global_colors_info=&#187;{}&#187;][et_pb_column type=&#187;1_3&#8243; _builder_version=&#187;4.19.5&#8243; _module_preset=&#187;default&#187; global_colors_info=&#187;{}&#187;][et_pb_text _builder_version=&#187;4.19.5&#8243; _module_preset=&#187;default&#187; global_colors_info=&#187;{}&#187;]<\/p>\n<p style=\"text-align: center;\"><a href=\"mailto:info@kivisill.ee\">info@kivisill.ee<\/a><\/p>\n<p>[\/et_pb_text][\/et_pb_column][et_pb_column type=&#187;1_3&#8243; _builder_version=&#187;4.19.5&#8243; _module_preset=&#187;default&#187; global_colors_info=&#187;{}&#187;][et_pb_text _builder_version=&#187;4.19.5&#8243; _module_preset=&#187;default&#187; global_colors_info=&#187;{}&#187;]<\/p>\n<p style=\"text-align: center;\">+372 336 9093, +372 503 6713<\/p>\n<p>[\/et_pb_text][\/et_pb_column][et_pb_column type=&#187;1_3&#8243; _builder_version=&#187;4.19.5&#8243; _module_preset=&#187;default&#187; global_colors_info=&#187;{}&#187;][et_pb_menu menu_id=&#187;14&#8243; menu_style=&#187;centered&#187; active_link_color=&#187;#7a7a7a&#187; dropdown_menu_bg_color=&#187;#FFFFFF&#187; dropdown_menu_line_color=&#187;#a0a0a0&#8243; dropdown_menu_text_color=&#187;#000000&#8243; dropdown_menu_active_link_color=&#187;#000000&#8243; mobile_menu_bg_color=&#187;#FFFFFF&#187; mobile_menu_text_color=&#187;#000000&#8243; show_search_icon=&#187;on&#187; _builder_version=&#187;4.19.5&#8243; _module_preset=&#187;default&#187; menu_font=&#187;|600|||||||&#187; menu_text_color=&#187;#3a3a3a&#187; background_color=&#187;RGBA(255,255,255,0)&#187; global_colors_info=&#187;{}&#187;][\/et_pb_menu][\/et_pb_column][\/et_pb_row][et_pb_row column_structure=&#187;1_3,1_3,1_3&#8243; use_custom_gutter=&#187;on&#187; make_equal=&#187;on&#187; _builder_version=&#187;4.19.5&#8243; _module_preset=&#187;default&#187; width=&#187;95%&#187; max_width=&#187;1890px&#187; global_colors_info=&#187;{}&#187;][et_pb_column type=&#187;1_3&#8243; _builder_version=&#187;4.19.5&#8243; _module_preset=&#187;default&#187; global_colors_info=&#187;{}&#187;][\/et_pb_column][et_pb_column type=&#187;1_3&#8243; _builder_version=&#187;4.19.5&#8243; _module_preset=&#187;default&#187; global_colors_info=&#187;{}&#187;][et_pb_image src=&#187;https:\/\/kivisill.ee\/wp-content\/uploads\/2023\/02\/kivisill-logo_B.png&#187; title_text=&#187;kivisill-logo_B&#187; url=&#187;@ET-DC@eyJkeW5hbWljIjp0cnVlLCJjb250ZW50IjoiaG9tZV91cmwiLCJzZXR0aW5ncyI6e319@&#187; _builder_version=&#187;4.19.5&#8243; _dynamic_attributes=&#187;url&#187; _module_preset=&#187;default&#187; width=&#187;54%&#187; module_alignment=&#187;center&#187; global_colors_info=&#187;{}&#187;][\/et_pb_image][\/et_pb_column][et_pb_column type=&#187;1_3&#8243; _builder_version=&#187;4.19.5&#8243; _module_preset=&#187;default&#187; global_colors_info=&#187;{}&#187;][\/et_pb_column][\/et_pb_row][et_pb_row _builder_version=&#187;4.20.0&#8243; _module_preset=&#187;default&#187; custom_margin=&#187;||-24px||false|false&#187; hover_enabled=&#187;0&#8243; global_colors_info=&#187;{}&#187; sticky_enabled=&#187;0&#8243;][et_pb_column type=&#187;4_4&#8243; _builder_version=&#187;4.19.5&#8243; _module_preset=&#187;default&#187; global_colors_info=&#187;{}&#187;][et_pb_menu menu_id=&#187;12&#8243; menu_style=&#187;centered&#187; active_link_color=&#187;#6b6b6b&#187; dropdown_menu_bg_color=&#187;#FFFFFF&#187; dropdown_menu_line_color=&#187;#adadad&#187; dropdown_menu_text_color=&#187;#000000&#8243; dropdown_menu_active_link_color=&#187;#000000&#8243; mobile_menu_bg_color=&#187;#FFFFFF&#187; mobile_menu_text_color=&#187;#000000&#8243; _builder_version=&#187;4.19.5&#8243; _module_preset=&#187;default&#187; menu_text_color=&#187;#000000&#8243; menu_font_size=&#187;20px&#187; background_color=&#187;RGBA(255,255,255,0)&#187; custom_margin=&#187;-32px||||false|false&#187; hover_enabled=&#187;0&#8243; global_colors_info=&#187;{}&#187; sticky_enabled=&#187;0&#8243;][\/et_pb_menu][\/et_pb_column][\/et_pb_row][\/et_pb_section][et_pb_section fb_built=&#187;1&#8243; _builder_version=&#187;4.19.5&#8243; _module_preset=&#187;default&#187; background_image=&#187;https:\/\/kivisill.ee\/wp-content\/uploads\/2023\/02\/titlebg.jpg&#187; global_colors_info=&#187;{}&#187;][et_pb_row _builder_version=&#187;4.19.5&#8243; _module_preset=&#187;default&#187; custom_margin=&#187;-40px||||false|false&#187; global_colors_info=&#187;{}&#187;][et_pb_column type=&#187;4_4&#8243; _builder_version=&#187;4.19.5&#8243; _module_preset=&#187;default&#187; global_colors_info=&#187;{}&#187;][et_pb_text _builder_version=&#187;4.19.5&#8243; _module_preset=&#187;default&#187; header_font=&#187;|600|||||||&#187; header_text_color=&#187;#FFFFFF&#187; header_2_font=&#187;|600|||||||&#187; header_2_text_color=&#187;#FFFFFF&#187; header_3_font=&#187;|600|||||||&#187; header_3_text_color=&#187;#FFFFFF&#187; custom_margin=&#187;||31px||false|false&#187; global_colors_info=&#187;{}&#187;]<\/p>\n<h2 style=\"text-align: center;\">Graniidi t\u00f6\u00f6koda<\/h2>\n<p>[\/et_pb_text][\/et_pb_column][\/et_pb_row][et_pb_row column_structure=&#187;1_2,1_2&#8243; _builder_version=&#187;4.19.5&#8243; _module_preset=&#187;default&#187; link_option_url=&#187;https:\/\/kivisill.ee\/?page_id=57&#8243; global_colors_info=&#187;{}&#187;][et_pb_column type=&#187;1_2&#8243; _builder_version=&#187;4.19.5&#8243; _module_preset=&#187;default&#187; global_colors_info=&#187;{}&#187;][et_pb_image src=&#187;https:\/\/kivisill.ee\/wp-content\/uploads\/2023\/02\/images414-5c5b6b0cb84e6.jpg&#187; title_text=&#187;images414-5c5b6b0cb84e6&#8243; align=&#187;right&#187; _builder_version=&#187;4.19.5&#8243; _module_preset=&#187;default&#187; border_width_all=&#187;2px&#187; border_color_all=&#187;#FFFFFF&#187; global_colors_info=&#187;{}&#187;][\/et_pb_image][\/et_pb_column][et_pb_column type=&#187;1_2&#8243; _builder_version=&#187;4.19.5&#8243; _module_preset=&#187;default&#187; global_colors_info=&#187;{}&#187;][et_pb_text _builder_version=&#187;4.19.5&#8243; _module_preset=&#187;default&#187; header_2_font=&#187;|600|||||||&#187; header_2_text_color=&#187;#FFFFFF&#187; header_3_font=&#187;|600|||||||&#187; header_3_text_color=&#187;#FFFFFF&#187; header_4_font=&#187;||||||||&#187; header_4_text_color=&#187;#FFFFFF&#187; global_colors_info=&#187;{}&#187;]<\/p>\n<h4>Hauakivid ja<br \/>plaadid<\/h4>\n<p>[\/et_pb_text][\/et_pb_column][\/et_pb_row][\/et_pb_section][et_pb_section fb_built=&#187;1&#8243; _builder_version=&#187;4.19.5&#8243; _module_preset=&#187;default&#187; border_width_bottom=&#187;1px&#187; border_color_bottom=&#187;#d3d3d3&#8243; global_colors_info=&#187;{}&#187;][et_pb_row column_structure=&#187;1_2,1_2&#8243; _builder_version=&#187;4.19.5&#8243; _module_preset=&#187;default&#187; global_colors_info=&#187;{}&#187;][et_pb_column type=&#187;1_2&#8243; _builder_version=&#187;4.19.5&#8243; _module_preset=&#187;default&#187; global_colors_info=&#187;{}&#187;][et_pb_text _builder_version=&#187;4.19.5&#8243; _module_preset=&#187;default&#187; global_colors_info=&#187;{}&#187;]<\/p>\n<h4 style=\"text-align: right;\">Portreede, pildide,<br \/>ikoonide graveering<\/h4>\n<p>[\/et_pb_text][\/et_pb_column][et_pb_column type=&#187;1_2&#8243; _builder_version=&#187;4.19.5&#8243; _module_preset=&#187;default&#187; global_colors_info=&#187;{}&#187;][et_pb_image src=&#187;https:\/\/kivisill.ee\/wp-content\/uploads\/2023\/02\/90.jpg&#187; title_text=&#187;90&#8243; _builder_version=&#187;4.19.5&#8243; _module_preset=&#187;default&#187; border_width_all=&#187;2px&#187; border_color_all=&#187;#5e5e5e&#187; global_colors_info=&#187;{}&#187;][\/et_pb_image][\/et_pb_column][\/et_pb_row][\/et_pb_section][et_pb_section fb_built=&#187;1&#8243; _builder_version=&#187;4.19.5&#8243; _module_preset=&#187;default&#187; background_image=&#187;https:\/\/kivisill.ee\/wp-content\/uploads\/2023\/02\/18579.jpg&#187; border_width_bottom=&#187;1px&#187; border_color_bottom=&#187;#d3d3d3&#8243; global_colors_info=&#187;{}&#187;][et_pb_row column_structure=&#187;1_2,1_2&#8243; _builder_version=&#187;4.19.5&#8243; _module_preset=&#187;default&#187; custom_margin=&#187;20px||20px||false|false&#187; link_option_url=&#187;https:\/\/kivisill.ee\/?page_id=69&#8243; global_colors_info=&#187;{}&#187;][et_pb_column type=&#187;1_2&#8243; _builder_version=&#187;4.19.5&#8243; _module_preset=&#187;default&#187; global_colors_info=&#187;{}&#187;][et_pb_image src=&#187;https:\/\/kivisill.ee\/wp-content\/uploads\/2023\/02\/stock-photo-grave-with-candles-and-lanterns-in-germany-32998864.jpg&#187; title_text=&#187;stock-photo-grave-with-candles-and-lanterns-in-germany-32998864&#8243; align=&#187;right&#187; _builder_version=&#187;4.19.5&#8243; _module_preset=&#187;default&#187; border_width_all=&#187;2px&#187; border_color_all=&#187;#FFFFFF&#187; global_colors_info=&#187;{}&#187;][\/et_pb_image][\/et_pb_column][et_pb_column type=&#187;1_2&#8243; _builder_version=&#187;4.19.5&#8243; _module_preset=&#187;default&#187; global_colors_info=&#187;{}&#187;][et_pb_text _builder_version=&#187;4.20.0&#8243; _module_preset=&#187;default&#187; header_4_font=&#187;|600|||||||&#187; header_4_text_color=&#187;#FFFFFF&#187; global_colors_info=&#187;{}&#187;]<\/p>\n<h4 style=\"text-align: left;\">Hauapiirded ja<br \/>lillepeenrad<\/h4>\n<p>[\/et_pb_text][\/et_pb_column][\/et_pb_row][\/et_pb_section][et_pb_section fb_built=&#187;1&#8243; _builder_version=&#187;4.19.5&#8243; _module_preset=&#187;default&#187; border_width_bottom=&#187;1px&#187; border_color_bottom=&#187;#d3d3d3&#8243; global_colors_info=&#187;{}&#187;][et_pb_row column_structure=&#187;1_2,1_2&#8243; _builder_version=&#187;4.19.5&#8243; _module_preset=&#187;default&#187; global_colors_info=&#187;{}&#187;][et_pb_column type=&#187;1_2&#8243; _builder_version=&#187;4.19.5&#8243; _module_preset=&#187;default&#187; global_colors_info=&#187;{}&#187;][et_pb_text _builder_version=&#187;4.19.5&#8243; _module_preset=&#187;default&#187; global_colors_info=&#187;{}&#187;]<\/p>\n<h4 style=\"text-align: right;\">Livat\u00e4idis ja graniidipuru<br \/>Kunstmurustaadion<\/h4>\n<p>[\/et_pb_text][\/et_pb_column][et_pb_column type=&#187;1_2&#8243; _builder_version=&#187;4.19.5&#8243; _module_preset=&#187;default&#187; global_colors_info=&#187;{}&#187;][et_pb_image src=&#187;https:\/\/kivisill.ee\/wp-content\/uploads\/2023\/02\/image00126.jpg&#187; title_text=&#187;image00126&#8243; _builder_version=&#187;4.19.5&#8243; _module_preset=&#187;default&#187; border_width_all=&#187;2px&#187; border_color_all=&#187;#5e5e5e&#187; global_colors_info=&#187;{}&#187;][\/et_pb_image][\/et_pb_column][\/et_pb_row][\/et_pb_section][et_pb_section fb_built=&#187;1&#8243; _builder_version=&#187;4.19.5&#8243; _module_preset=&#187;default&#187; background_image=&#187;https:\/\/kivisill.ee\/wp-content\/uploads\/2023\/02\/stock-photo-yellow-cemetery-flowers-in-graveyard-630742799.jpg&#187; global_colors_info=&#187;{}&#187;][et_pb_row column_structure=&#187;1_2,1_2&#8243; _builder_version=&#187;4.19.5&#8243; _module_preset=&#187;default&#187; global_colors_info=&#187;{}&#187;][et_pb_column type=&#187;1_2&#8243; _builder_version=&#187;4.19.5&#8243; _module_preset=&#187;default&#187; global_colors_info=&#187;{}&#187;][et_pb_image src=&#187;https:\/\/kivisill.ee\/wp-content\/uploads\/2023\/02\/stock-photo-red-roses-on-black-granite-tombstone-outdoors-space-for-text-funeral-ceremony-1598777035.jpg&#187; title_text=&#187;stock-photo-red-roses-on-black-granite-tombstone-outdoors-space-for-text-funeral-ceremony-1598777035&#8243; align=&#187;right&#187; _builder_version=&#187;4.19.5&#8243; _module_preset=&#187;default&#187; border_width_all=&#187;2px&#187; border_color_all=&#187;#FFFFFF&#187; global_colors_info=&#187;{}&#187;][\/et_pb_image][\/et_pb_column][et_pb_column type=&#187;1_2&#8243; _builder_version=&#187;4.19.5&#8243; _module_preset=&#187;default&#187; global_colors_info=&#187;{}&#187;][et_pb_text _builder_version=&#187;4.19.5&#8243; _module_preset=&#187;default&#187; header_4_font=&#187;|600|||||||&#187; header_4_text_color=&#187;#FFFFFF&#187; global_colors_info=&#187;{}&#187;]<\/p>\n<h4>Valmistamine ja paigaldus<br \/>Daatumi lisamine<br \/>M\u00e4lustussammade restaureerimine<\/h4>\n<p>[\/et_pb_text][\/et_pb_column][\/et_pb_row][\/et_pb_section][et_pb_section fb_built=&#187;1&#8243; _builder_version=&#187;4.19.5&#8243; _module_preset=&#187;default&#187; global_colors_info=&#187;{}&#187;][et_pb_row _builder_version=&#187;4.19.5&#8243; _module_preset=&#187;default&#187; global_colors_info=&#187;{}&#187;][et_pb_column type=&#187;4_4&#8243; _builder_version=&#187;4.19.5&#8243; _module_preset=&#187;default&#187; global_colors_info=&#187;{}&#187;][et_pb_text _builder_version=&#187;4.19.5&#8243; _module_preset=&#187;default&#187; global_colors_info=&#187;{}&#187;]<\/p>\n<h4 style=\"text-align: center;\">Kvaliteedi garantii<\/h4>\n<p>[\/et_pb_text][\/et_pb_column][\/et_pb_row][\/et_pb_section]<\/p>\n","protected":false},"excerpt":{"rendered":"<p>info@kivisill.ee+372 336 9093, +372 503 6713Graniidi t\u00f6\u00f6kodaHauakivid japlaadidPortreede, pildide,ikoonide graveeringHauapiirded jalillepeenradLivat\u00e4idis ja graniidipuruKunstmurustaadionValmistamine ja paigaldusDaatumi lisamineM\u00e4lustussammade restaureerimineKvaliteedi garantii<\/p>\n","protected":false},"author":2,"featured_media":0,"parent":0,"menu_order":0,"comment_status":"closed","ping_status":"closed","template":"","meta":{"_et_pb_use_builder":"on","_et_pb_old_content":"","_et_gb_content_width":"","footnotes":""},"class_list":["post-252","page","type-page","status-publish","hentry"],"_links":{"self":[{"href":"https:\/\/kivisill.ee\/index.php?rest_route=\/wp\/v2\/pages\/252","targetHints":{"allow":["GET"]}}],"collection":[{"href":"https:\/\/kivisill.ee\/index.php?rest_route=\/wp\/v2\/pages"}],"about":[{"href":"https:\/\/kivisill.ee\/index.php?rest_route=\/wp\/v2\/types\/page"}],"author":[{"embeddable":true,"href":"https:\/\/kivisill.ee\/index.php?rest_route=\/wp\/v2\/users\/2"}],"replies":[{"embeddable":true,"href":"https:\/\/kivisill.ee\/index.php?rest_route=%2Fwp%2Fv2%2Fcomments&post=252"}],"version-history":[{"count":22,"href":"https:\/\/kivisill.ee\/index.php?rest_route=\/wp\/v2\/pages\/252\/revisions"}],"predecessor-version":[{"id":1217,"href":"https:\/\/kivisill.ee\/index.php?rest_route=\/wp\/v2\/pages\/252\/revisions\/1217"}],"wp:attachment":[{"href":"https:\/\/kivisill.ee\/index.php?rest_route=%2Fwp%2Fv2%2Fmedia&parent=252"}],"curies":[{"name":"wp","href":"https:\/\/api.w.org\/{rel}","templated":true}]}}